{"id":46,"date":"2024-06-13T12:58:12","date_gmt":"2024-06-13T10:58:12","guid":{"rendered":"http:\/\/www.inkpulse-studio.com\/?page_id=46"},"modified":"2024-06-19T18:02:27","modified_gmt":"2024-06-19T16:02:27","slug":"nos-services","status":"publish","type":"page","link":"https:\/\/www.inkpulse-studio.com\/index.php\/nos-services\/","title":{"rendered":"Nos Services"},"content":{"rendered":"\t\t<div data-elementor-type=\"wp-page\" data-elementor-id=\"46\" class=\"elementor elementor-46\">\n\t\t\t\t<div class=\"elementor-element elementor-element-57a0861 e-con-full e-flex e-con e-parent\" data-id=\"57a0861\" data-element_type=\"container\">\n\t\t<div class=\"elementor-element elementor-element-152da80 e-con-full e-flex e-con e-child\" data-id=\"152da80\" data-element_type=\"container\">\n\t\t\t\t<div class=\"elementor-element elementor-element-6766c64 elementor-widget elementor-widget-heading\" data-id=\"6766c64\" data-element_type=\"widget\" data-widget_type=\"heading.default\">\n\t\t\t\t<div class=\"elementor-widget-container\">\n\t\t\t<h2 class=\"elementor-heading-title elementor-size-default\">Votre Histoire pour une communication optimale<\/h2>\t\t<\/div>\n\t\t\t\t<\/div>\n\t\t\t\t<div class=\"elementor-element elementor-element-fa8a88a elementor-widget elementor-widget-text-editor\" data-id=\"fa8a88a\" data-element_type=\"widget\" data-widget_type=\"text-editor.default\">\n\t\t\t\t<div class=\"elementor-widget-container\">\n\t\t\t\t\t\t\t<p>Notre savoir-faire en manga permet de raconter votre histoire de mani\u00e8re captivante, tout en transmettant le message que vous souhaitez.&nbsp;<br><span style=\"font-size: 14px; text-align: var(--text-align);\">Nous vous accompagnerons dans la cr\u00e9ation de petites histoires de 20 \u00e0 30 pages ou plus encore.&nbsp;<br>Le manga \u00e9tant notre sp\u00e9cialit\u00e9, nous serons force de proposition pour mettre en place diff\u00e9rentes id\u00e9es qui r\u00e9pondront \u00e0 vos besoins de communication.<\/span><\/p>\t\t\t\t\t\t<\/div>\n\t\t\t\t<\/div>\n\t\t\t\t<\/div>\n\t\t<div class=\"elementor-element elementor-element-c8f1019 e-flex e-con-boxed e-con e-child\" data-id=\"c8f1019\" data-element_type=\"container\">\n\t\t\t\t\t<div class=\"e-con-inner\">\n\t\t\t\t<div class=\"elementor-element elementor-element-24ddb0e elementor-widget__width-initial elementor-widget elementor-widget-image\" data-id=\"24ddb0e\" data-element_type=\"widget\" data-widget_type=\"image.default\">\n\t\t\t\t<div class=\"elementor-widget-container\">\n\t\t\t\t\t\t\t\t\t\t\t\t\t<img fetchpriority=\"high\" decoding=\"async\" width=\"768\" height=\"654\" src=\"https:\/\/www.inkpulse-studio.com\/wp-content\/uploads\/2024\/06\/IMG_3835-768x654.jpg\" class=\"attachment-medium_large size-medium_large wp-image-352\" alt=\"\" srcset=\"https:\/\/www.inkpulse-studio.com\/wp-content\/uploads\/2024\/06\/IMG_3835-768x654.jpg 768w, https:\/\/www.inkpulse-studio.com\/wp-content\/uploads\/2024\/06\/IMG_3835-300x256.jpg 300w, https:\/\/www.inkpulse-studio.com\/wp-content\/uploads\/2024\/06\/IMG_3835-1024x873.jpg 1024w, https:\/\/www.inkpulse-studio.com\/wp-content\/uploads\/2024\/06\/IMG_3835-1536x1309.jpg 1536w, https:\/\/www.inkpulse-studio.com\/wp-content\/uploads\/2024\/06\/IMG_3835-2048x1745.jpg 2048w\" sizes=\"(max-width: 768px) 100vw, 768px\" \/>\t\t\t\t\t\t\t\t\t\t\t\t\t<\/div>\n\t\t\t\t<\/div>\n\t\t\t\t\t<\/div>\n\t\t\t\t<\/div>\n\t\t\t\t<\/div>\n\t\t<div class=\"elementor-element elementor-element-e009414 e-flex e-con-boxed e-con e-parent\" data-id=\"e009414\" data-element_type=\"container\">\n\t\t\t\t\t<div class=\"e-con-inner\">\n\t\t\t\t<div class=\"elementor-element elementor-element-fbf635e elementor-widget elementor-widget-text-editor\" data-id=\"fbf635e\" data-element_type=\"widget\" data-widget_type=\"text-editor.default\">\n\t\t\t\t<div class=\"elementor-widget-container\">\n\t\t\t\t\t\t\t<p>Vous voulez voir les \u00e9tapes de cr\u00e9ation pour votre histoire ?<\/p>\t\t\t\t\t\t<\/div>\n\t\t\t\t<\/div>\n\t\t\t\t<div class=\"elementor-element elementor-element-a683ee8 elementor-widget elementor-widget-button\" data-id=\"a683ee8\" data-element_type=\"widget\" data-widget_type=\"button.default\">\n\t\t\t\t<div class=\"elementor-widget-container\">\n\t\t\t\t\t\t\t<div class=\"elementor-button-wrapper\">\n\t\t\t\t\t<a class=\"elementor-button elementor-button-link elementor-size-sm\" href=\"http:\/\/www.inkpulse-studio.com\/index.php\/fonctionnement\/\">\n\t\t\t\t\t\t<span class=\"elementor-button-content-wrapper\">\n\t\t\t\t\t\t\t\t\t<span class=\"elementor-button-text\">Cliquez ici<\/span>\n\t\t\t\t\t<\/span>\n\t\t\t\t\t<\/a>\n\t\t\t\t<\/div>\n\t\t\t\t\t\t<\/div>\n\t\t\t\t<\/div>\n\t\t\t\t\t<\/div>\n\t\t\t\t<\/div>\n\t\t<div class=\"elementor-element elementor-element-826e984 e-flex e-con-boxed e-con e-parent\" data-id=\"826e984\" data-element_type=\"container\">\n\t\t\t\t\t<div class=\"e-con-inner\">\n\t\t<div class=\"elementor-element elementor-element-a3c4fea e-flex e-con-boxed e-con e-child\" data-id=\"a3c4fea\" data-element_type=\"container\">\n\t\t\t\t\t<div class=\"e-con-inner\">\n\t\t<div class=\"elementor-element elementor-element-42a6e55 e-con-full e-flex e-con e-child\" data-id=\"42a6e55\" data-element_type=\"container\">\n\t\t\t\t<div class=\"elementor-element elementor-element-c9cc89f elementor-widget elementor-widget-image\" data-id=\"c9cc89f\" data-element_type=\"widget\" data-widget_type=\"image.default\">\n\t\t\t\t<div class=\"elementor-widget-container\">\n\t\t\t\t\t\t\t\t\t\t\t\t\t<img decoding=\"async\" width=\"1024\" height=\"1024\" src=\"https:\/\/www.inkpulse-studio.com\/wp-content\/uploads\/2024\/06\/tel.jpg\" class=\"attachment-large size-large wp-image-326\" alt=\"\" srcset=\"https:\/\/www.inkpulse-studio.com\/wp-content\/uploads\/2024\/06\/tel.jpg 1024w, https:\/\/www.inkpulse-studio.com\/wp-content\/uploads\/2024\/06\/tel-300x300.jpg 300w, https:\/\/www.inkpulse-studio.com\/wp-content\/uploads\/2024\/06\/tel-150x150.jpg 150w, https:\/\/www.inkpulse-studio.com\/wp-content\/uploads\/2024\/06\/tel-768x768.jpg 768w, https:\/\/www.inkpulse-studio.com\/wp-content\/uploads\/2024\/06\/tel-600x600.jpg 600w\" sizes=\"(max-width: 1024px) 100vw, 1024px\" \/>\t\t\t\t\t\t\t\t\t\t\t\t\t<\/div>\n\t\t\t\t<\/div>\n\t\t\t\t<div class=\"elementor-element elementor-element-376dc55 elementor-widget elementor-widget-image\" data-id=\"376dc55\" data-element_type=\"widget\" data-widget_type=\"image.default\">\n\t\t\t\t<div class=\"elementor-widget-container\">\n\t\t\t\t\t\t\t\t\t\t\t\t\t<img decoding=\"async\" width=\"810\" height=\"1024\" src=\"https:\/\/www.inkpulse-studio.com\/wp-content\/uploads\/2024\/06\/patisserie-810x1024.png\" class=\"attachment-large size-large wp-image-272\" alt=\"\" srcset=\"https:\/\/www.inkpulse-studio.com\/wp-content\/uploads\/2024\/06\/patisserie-810x1024.png 810w, https:\/\/www.inkpulse-studio.com\/wp-content\/uploads\/2024\/06\/patisserie-237x300.png 237w, https:\/\/www.inkpulse-studio.com\/wp-content\/uploads\/2024\/06\/patisserie-768x971.png 768w, https:\/\/www.inkpulse-studio.com\/wp-content\/uploads\/2024\/06\/patisserie.png 878w\" sizes=\"(max-width: 810px) 100vw, 810px\" \/>\t\t\t\t\t\t\t\t\t\t\t\t\t<\/div>\n\t\t\t\t<\/div>\n\t\t\t\t<\/div>\n\t\t<div class=\"elementor-element elementor-element-392242f e-flex e-con-boxed e-con e-child\" data-id=\"392242f\" data-element_type=\"container\">\n\t\t\t\t\t<div class=\"e-con-inner\">\n\t\t\t\t<div class=\"elementor-element elementor-element-957ac9a elementor-widget elementor-widget-heading\" data-id=\"957ac9a\" data-element_type=\"widget\" data-widget_type=\"heading.default\">\n\t\t\t\t<div class=\"elementor-widget-container\">\n\t\t\t<h2 class=\"elementor-heading-title elementor-size-default\">Un format qui vous ressemble\n<\/h2>\t\t<\/div>\n\t\t\t\t<\/div>\n\t\t\t\t<div class=\"elementor-element elementor-element-81989c2 elementor-widget elementor-widget-text-editor\" data-id=\"81989c2\" data-element_type=\"widget\" data-widget_type=\"text-editor.default\">\n\t\t\t\t<div class=\"elementor-widget-container\">\n\t\t\t\t\t\t\t<p style=\"font-weight: 400;\">Une fois votre histoire cr\u00e9\u00e9e nous vous la fournirons sous le format que vous souhaitez. Dans un premier temps, nous vous fournirons les planches en format HD.<\/p><p style=\"font-weight: 400;\">Mais nous proposons aussi d\u2019autres services.\u00a0<br \/>Nous pouvons nous occuper de l\u2019impression de votre histoire sous forme de petit livret.<br \/>Ou encore transformer les pages de votre manga pour les mettre en format webtoon. Gr\u00e2ce \u00e0 la mise en place d\u2019un QRcode, n\u2019importe qui pourra lire votre histoire de mani\u00e8re optimale sur son smartphone.<\/p>\t\t\t\t\t\t<\/div>\n\t\t\t\t<\/div>\n\t\t\t\t\t<\/div>\n\t\t\t\t<\/div>\n\t\t\t\t\t<\/div>\n\t\t\t\t<\/div>\n\t\t\t\t\t<\/div>\n\t\t\t\t<\/div>\n\t\t<div class=\"elementor-element elementor-element-681e74e e-flex e-con-boxed e-con e-parent\" data-id=\"681e74e\" data-element_type=\"container\">\n\t\t\t\t\t<div class=\"e-con-inner\">\n\t\t<div class=\"elementor-element elementor-element-05728df e-flex e-con-boxed e-con e-child\" data-id=\"05728df\" data-element_type=\"container\">\n\t\t\t\t\t<div class=\"e-con-inner\">\n\t\t<div class=\"elementor-element elementor-element-e72145f e-flex e-con-boxed e-con e-child\" data-id=\"e72145f\" data-element_type=\"container\">\n\t\t\t\t\t<div class=\"e-con-inner\">\n\t\t\t\t<div class=\"elementor-element elementor-element-ba41649 elementor-widget elementor-widget-heading\" data-id=\"ba41649\" data-element_type=\"widget\" data-widget_type=\"heading.default\">\n\t\t\t\t<div class=\"elementor-widget-container\">\n\t\t\t<h2 class=\"elementor-heading-title elementor-size-default\">Nous sommes l\u00e0 pour donner vie \u00e0 vos id\u00e9es<\/h2>\t\t<\/div>\n\t\t\t\t<\/div>\n\t\t\t\t\t<\/div>\n\t\t\t\t<\/div>\n\t\t\t\t<div class=\"elementor-element elementor-element-ff67712 elementor-widget elementor-widget-text-editor\" data-id=\"ff67712\" data-element_type=\"widget\" data-widget_type=\"text-editor.default\">\n\t\t\t\t<div class=\"elementor-widget-container\">\n\t\t\t\t\t\t\t<p>Une id\u00e9e ? Une envie cr\u00e9ative ? Nous sommes l\u00e0 pour vous accompagner et vous aider au mieux avec notre exp\u00e9rience dans le manga ! <br \/>Notre \u00e9quipe est pr\u00eate \u00e0 collaborer avec vous pour donner vie \u00e0 vos projets<\/p>\t\t\t\t\t\t<\/div>\n\t\t\t\t<\/div>\n\t\t\t\t\t<\/div>\n\t\t\t\t<\/div>\n\t\t\t\t\t<\/div>\n\t\t\t\t<\/div>\n\t\t\t\t<\/div>\n\t\t","protected":false},"excerpt":{"rendered":"<p>Votre Histoire pour une communication optimale Notre savoir-faire en manga permet de raconter votre histoire de mani\u00e8re captivante, tout en transmettant le message que vous souhaitez.&nbsp;Nous vous accompagnerons dans la cr\u00e9ation de petites histoires de 20 \u00e0 30 pages ou plus encore.&nbsp;Le manga \u00e9tant notre sp\u00e9cialit\u00e9, nous serons force de proposition pour mettre en place [&hellip;]<\/p>\n","protected":false},"author":1,"featured_media":0,"parent":0,"menu_order":0,"comment_status":"closed","ping_status":"closed","template":"","meta":{"ocean_post_layout":"","ocean_both_sidebars_style":"","ocean_both_sidebars_content_width":0,"ocean_both_sidebars_sidebars_width":0,"ocean_sidebar":"","ocean_second_sidebar":"","ocean_disable_margins":"enable","ocean_add_body_class":"","ocean_shortcode_before_top_bar":"","ocean_shortcode_after_top_bar":"","ocean_shortcode_before_header":"","ocean_shortcode_after_header":"","ocean_has_shortcode":"","ocean_shortcode_after_title":"","ocean_shortcode_before_footer_widgets":"","ocean_shortcode_after_footer_widgets":"","ocean_shortcode_before_footer_bottom":"","ocean_shortcode_after_footer_bottom":"","ocean_display_top_bar":"default","ocean_display_header":"default","ocean_header_style":"","ocean_center_header_left_menu":"","ocean_custom_header_template":"","ocean_custom_logo":0,"ocean_custom_retina_logo":0,"ocean_custom_logo_max_width":0,"ocean_custom_logo_tablet_max_width":0,"ocean_custom_logo_mobile_max_width":0,"ocean_custom_logo_max_height":0,"ocean_custom_logo_tablet_max_height":0,"ocean_custom_logo_mobile_max_height":0,"ocean_header_custom_menu":"","ocean_menu_typo_font_family":"","ocean_menu_typo_font_subset":"","ocean_menu_typo_font_size":0,"ocean_menu_typo_font_size_tablet":0,"ocean_menu_typo_font_size_mobile":0,"ocean_menu_typo_font_size_unit":"px","ocean_menu_typo_font_weight":"","ocean_menu_typo_font_weight_tablet":"","ocean_menu_typo_font_weight_mobile":"","ocean_menu_typo_transform":"","ocean_menu_typo_transform_tablet":"","ocean_menu_typo_transform_mobile":"","ocean_menu_typo_line_height":0,"ocean_menu_typo_line_height_tablet":0,"ocean_menu_typo_line_height_mobile":0,"ocean_menu_typo_line_height_unit":"","ocean_menu_typo_spacing":0,"ocean_menu_typo_spacing_tablet":0,"ocean_menu_typo_spacing_mobile":0,"ocean_menu_typo_spacing_unit":"","ocean_menu_link_color":"","ocean_menu_link_color_hover":"","ocean_menu_link_color_active":"","ocean_menu_link_background":"","ocean_menu_link_hover_background":"","ocean_menu_link_active_background":"","ocean_menu_social_links_bg":"","ocean_menu_social_hover_links_bg":"","ocean_menu_social_links_color":"","ocean_menu_social_hover_links_color":"","ocean_disable_title":"default","ocean_disable_heading":"default","ocean_post_title":"","ocean_post_subheading":"","ocean_post_title_style":"","ocean_post_title_background_color":"","ocean_post_title_background":0,"ocean_post_title_bg_image_position":"","ocean_post_title_bg_image_attachment":"","ocean_post_title_bg_image_repeat":"","ocean_post_title_bg_image_size":"","ocean_post_title_height":0,"ocean_post_title_bg_overlay":0.5,"ocean_post_title_bg_overlay_color":"","ocean_disable_breadcrumbs":"default","ocean_breadcrumbs_color":"","ocean_breadcrumbs_separator_color":"","ocean_breadcrumbs_links_color":"","ocean_breadcrumbs_links_hover_color":"","ocean_display_footer_widgets":"default","ocean_display_footer_bottom":"default","ocean_custom_footer_template":"","footnotes":""},"class_list":["post-46","page","type-page","status-publish","hentry","entry"],"yoast_head":"<!-- This site is optimized with the Yoast SEO plugin v22.9 - https:\/\/yoast.com\/wordpress\/plugins\/seo\/ -->\n<title>Nos Services - Inkpulse Studio<\/title>\n<meta name=\"robots\" content=\"index, follow, max-snippet:-1, max-image-preview:large, max-video-preview:-1\" \/>\n<link rel=\"canonical\" href=\"https:\/\/www.inkpulse-studio.com\/index.php\/nos-services\/\" \/>\n<meta property=\"og:locale\" content=\"en_US\" \/>\n<meta property=\"og:type\" content=\"article\" \/>\n<meta property=\"og:title\" content=\"Nos Services - Inkpulse Studio\" \/>\n<meta property=\"og:description\" content=\"Votre Histoire pour une communication optimale Notre savoir-faire en manga permet de raconter votre histoire de mani\u00e8re captivante, tout en transmettant le message que vous souhaitez.&nbsp;Nous vous accompagnerons dans la cr\u00e9ation de petites histoires de 20 \u00e0 30 pages ou plus encore.&nbsp;Le manga \u00e9tant notre sp\u00e9cialit\u00e9, nous serons force de proposition pour mettre en place [&hellip;]\" \/>\n<meta property=\"og:url\" content=\"https:\/\/www.inkpulse-studio.com\/index.php\/nos-services\/\" \/>\n<meta property=\"og:site_name\" content=\"Inkpulse Studio\" \/>\n<meta property=\"article:modified_time\" content=\"2024-06-19T16:02:27+00:00\" \/>\n<meta property=\"og:image\" content=\"http:\/\/www.inkpulse-studio.com\/wp-content\/uploads\/2024\/06\/IMG_3835-768x654.jpg\" \/>\n<meta name=\"twitter:card\" content=\"summary_large_image\" \/>\n<meta name=\"twitter:label1\" content=\"Est. reading time\" \/>\n\t<meta name=\"twitter:data1\" content=\"1 minute\" \/>\n<script type=\"application\/ld+json\" class=\"yoast-schema-graph\">{\"@context\":\"https:\/\/schema.org\",\"@graph\":[{\"@type\":\"WebPage\",\"@id\":\"https:\/\/www.inkpulse-studio.com\/index.php\/nos-services\/\",\"url\":\"https:\/\/www.inkpulse-studio.com\/index.php\/nos-services\/\",\"name\":\"Nos Services - Inkpulse Studio\",\"isPartOf\":{\"@id\":\"http:\/\/www.inkpulse-studio.com\/#website\"},\"primaryImageOfPage\":{\"@id\":\"https:\/\/www.inkpulse-studio.com\/index.php\/nos-services\/#primaryimage\"},\"image\":{\"@id\":\"https:\/\/www.inkpulse-studio.com\/index.php\/nos-services\/#primaryimage\"},\"thumbnailUrl\":\"http:\/\/www.inkpulse-studio.com\/wp-content\/uploads\/2024\/06\/IMG_3835-768x654.jpg\",\"datePublished\":\"2024-06-13T10:58:12+00:00\",\"dateModified\":\"2024-06-19T16:02:27+00:00\",\"breadcrumb\":{\"@id\":\"https:\/\/www.inkpulse-studio.com\/index.php\/nos-services\/#breadcrumb\"},\"inLanguage\":\"en-US\",\"potentialAction\":[{\"@type\":\"ReadAction\",\"target\":[\"https:\/\/www.inkpulse-studio.com\/index.php\/nos-services\/\"]}]},{\"@type\":\"ImageObject\",\"inLanguage\":\"en-US\",\"@id\":\"https:\/\/www.inkpulse-studio.com\/index.php\/nos-services\/#primaryimage\",\"url\":\"https:\/\/www.inkpulse-studio.com\/wp-content\/uploads\/2024\/06\/IMG_3835-scaled.jpg\",\"contentUrl\":\"https:\/\/www.inkpulse-studio.com\/wp-content\/uploads\/2024\/06\/IMG_3835-scaled.jpg\",\"width\":2560,\"height\":2181},{\"@type\":\"BreadcrumbList\",\"@id\":\"https:\/\/www.inkpulse-studio.com\/index.php\/nos-services\/#breadcrumb\",\"itemListElement\":[{\"@type\":\"ListItem\",\"position\":1,\"name\":\"Accueil\",\"item\":\"http:\/\/www.inkpulse-studio.com\/\"},{\"@type\":\"ListItem\",\"position\":2,\"name\":\"Nos Services\"}]},{\"@type\":\"WebSite\",\"@id\":\"http:\/\/www.inkpulse-studio.com\/#website\",\"url\":\"http:\/\/www.inkpulse-studio.com\/\",\"name\":\"Inkpulse Studio\",\"description\":\"Quelle histoire voulez-vous raconter ?\",\"publisher\":{\"@id\":\"http:\/\/www.inkpulse-studio.com\/#organization\"},\"potentialAction\":[{\"@type\":\"SearchAction\",\"target\":{\"@type\":\"EntryPoint\",\"urlTemplate\":\"http:\/\/www.inkpulse-studio.com\/?s={search_term_string}\"},\"query-input\":\"required name=search_term_string\"}],\"inLanguage\":\"en-US\"},{\"@type\":\"Organization\",\"@id\":\"http:\/\/www.inkpulse-studio.com\/#organization\",\"name\":\"Inkpulse Studio\",\"url\":\"http:\/\/www.inkpulse-studio.com\/\",\"logo\":{\"@type\":\"ImageObject\",\"inLanguage\":\"en-US\",\"@id\":\"http:\/\/www.inkpulse-studio.com\/#\/schema\/logo\/image\/\",\"url\":\"https:\/\/www.inkpulse-studio.com\/wp-content\/uploads\/2024\/06\/cropped-cropped-IP_LOGO-3.png\",\"contentUrl\":\"https:\/\/www.inkpulse-studio.com\/wp-content\/uploads\/2024\/06\/cropped-cropped-IP_LOGO-3.png\",\"width\":6028,\"height\":5832,\"caption\":\"Inkpulse Studio\"},\"image\":{\"@id\":\"http:\/\/www.inkpulse-studio.com\/#\/schema\/logo\/image\/\"}}]}<\/script>\n<!-- \/ Yoast SEO plugin. -->","yoast_head_json":{"title":"Nos Services - Inkpulse Studio","robots":{"index":"index","follow":"follow","max-snippet":"max-snippet:-1","max-image-preview":"max-image-preview:large","max-video-preview":"max-video-preview:-1"},"canonical":"https:\/\/www.inkpulse-studio.com\/index.php\/nos-services\/","og_locale":"en_US","og_type":"article","og_title":"Nos Services - Inkpulse Studio","og_description":"Votre Histoire pour une communication optimale Notre savoir-faire en manga permet de raconter votre histoire de mani\u00e8re captivante, tout en transmettant le message que vous souhaitez.&nbsp;Nous vous accompagnerons dans la cr\u00e9ation de petites histoires de 20 \u00e0 30 pages ou plus encore.&nbsp;Le manga \u00e9tant notre sp\u00e9cialit\u00e9, nous serons force de proposition pour mettre en place [&hellip;]","og_url":"https:\/\/www.inkpulse-studio.com\/index.php\/nos-services\/","og_site_name":"Inkpulse Studio","article_modified_time":"2024-06-19T16:02:27+00:00","og_image":[{"url":"http:\/\/www.inkpulse-studio.com\/wp-content\/uploads\/2024\/06\/IMG_3835-768x654.jpg"}],"twitter_card":"summary_large_image","twitter_misc":{"Est. reading time":"1 minute"},"schema":{"@context":"https:\/\/schema.org","@graph":[{"@type":"WebPage","@id":"https:\/\/www.inkpulse-studio.com\/index.php\/nos-services\/","url":"https:\/\/www.inkpulse-studio.com\/index.php\/nos-services\/","name":"Nos Services - Inkpulse Studio","isPartOf":{"@id":"http:\/\/www.inkpulse-studio.com\/#website"},"primaryImageOfPage":{"@id":"https:\/\/www.inkpulse-studio.com\/index.php\/nos-services\/#primaryimage"},"image":{"@id":"https:\/\/www.inkpulse-studio.com\/index.php\/nos-services\/#primaryimage"},"thumbnailUrl":"http:\/\/www.inkpulse-studio.com\/wp-content\/uploads\/2024\/06\/IMG_3835-768x654.jpg","datePublished":"2024-06-13T10:58:12+00:00","dateModified":"2024-06-19T16:02:27+00:00","breadcrumb":{"@id":"https:\/\/www.inkpulse-studio.com\/index.php\/nos-services\/#breadcrumb"},"inLanguage":"en-US","potentialAction":[{"@type":"ReadAction","target":["https:\/\/www.inkpulse-studio.com\/index.php\/nos-services\/"]}]},{"@type":"ImageObject","inLanguage":"en-US","@id":"https:\/\/www.inkpulse-studio.com\/index.php\/nos-services\/#primaryimage","url":"https:\/\/www.inkpulse-studio.com\/wp-content\/uploads\/2024\/06\/IMG_3835-scaled.jpg","contentUrl":"https:\/\/www.inkpulse-studio.com\/wp-content\/uploads\/2024\/06\/IMG_3835-scaled.jpg","width":2560,"height":2181},{"@type":"BreadcrumbList","@id":"https:\/\/www.inkpulse-studio.com\/index.php\/nos-services\/#breadcrumb","itemListElement":[{"@type":"ListItem","position":1,"name":"Accueil","item":"http:\/\/www.inkpulse-studio.com\/"},{"@type":"ListItem","position":2,"name":"Nos Services"}]},{"@type":"WebSite","@id":"http:\/\/www.inkpulse-studio.com\/#website","url":"http:\/\/www.inkpulse-studio.com\/","name":"Inkpulse Studio","description":"Quelle histoire voulez-vous raconter ?","publisher":{"@id":"http:\/\/www.inkpulse-studio.com\/#organization"},"potentialAction":[{"@type":"SearchAction","target":{"@type":"EntryPoint","urlTemplate":"http:\/\/www.inkpulse-studio.com\/?s={search_term_string}"},"query-input":"required name=search_term_string"}],"inLanguage":"en-US"},{"@type":"Organization","@id":"http:\/\/www.inkpulse-studio.com\/#organization","name":"Inkpulse Studio","url":"http:\/\/www.inkpulse-studio.com\/","logo":{"@type":"ImageObject","inLanguage":"en-US","@id":"http:\/\/www.inkpulse-studio.com\/#\/schema\/logo\/image\/","url":"https:\/\/www.inkpulse-studio.com\/wp-content\/uploads\/2024\/06\/cropped-cropped-IP_LOGO-3.png","contentUrl":"https:\/\/www.inkpulse-studio.com\/wp-content\/uploads\/2024\/06\/cropped-cropped-IP_LOGO-3.png","width":6028,"height":5832,"caption":"Inkpulse Studio"},"image":{"@id":"http:\/\/www.inkpulse-studio.com\/#\/schema\/logo\/image\/"}}]}},"_links":{"self":[{"href":"https:\/\/www.inkpulse-studio.com\/index.php\/wp-json\/wp\/v2\/pages\/46","targetHints":{"allow":["GET"]}}],"collection":[{"href":"https:\/\/www.inkpulse-studio.com\/index.php\/wp-json\/wp\/v2\/pages"}],"about":[{"href":"https:\/\/www.inkpulse-studio.com\/index.php\/wp-json\/wp\/v2\/types\/page"}],"author":[{"embeddable":true,"href":"https:\/\/www.inkpulse-studio.com\/index.php\/wp-json\/wp\/v2\/users\/1"}],"replies":[{"embeddable":true,"href":"https:\/\/www.inkpulse-studio.com\/index.php\/wp-json\/wp\/v2\/comments?post=46"}],"version-history":[{"count":16,"href":"https:\/\/www.inkpulse-studio.com\/index.php\/wp-json\/wp\/v2\/pages\/46\/revisions"}],"predecessor-version":[{"id":395,"href":"https:\/\/www.inkpulse-studio.com\/index.php\/wp-json\/wp\/v2\/pages\/46\/revisions\/395"}],"wp:attachment":[{"href":"https:\/\/www.inkpulse-studio.com\/index.php\/wp-json\/wp\/v2\/media?parent=46"}],"curies":[{"name":"wp","href":"https:\/\/api.w.org\/{rel}","templated":true}]}}