{"id":37,"date":"2024-06-13T12:54:27","date_gmt":"2024-06-13T10:54:27","guid":{"rendered":"http:\/\/www.inkpulse-studio.com\/?page_id=37"},"modified":"2024-08-16T17:42:05","modified_gmt":"2024-08-16T15:42:05","slug":"accueil","status":"publish","type":"page","link":"https:\/\/www.inkpulse-studio.com\/","title":{"rendered":"Quelle histoire voulez vous raconter ?"},"content":{"rendered":"\t\t<div data-elementor-type=\"wp-page\" data-elementor-id=\"37\" class=\"elementor elementor-37\">\n\t\t\t\t<div class=\"elementor-element elementor-element-cb944e9 e-flex e-con-boxed e-con e-parent\" data-id=\"cb944e9\" data-element_type=\"container\">\n\t\t\t\t\t<div class=\"e-con-inner\">\n\t\t<div class=\"elementor-element elementor-element-a445d0c e-con-full e-flex e-con e-child\" data-id=\"a445d0c\" data-element_type=\"container\">\n\t\t\t\t<div class=\"elementor-element elementor-element-ef7d7f6 elementor-widget elementor-widget-heading\" data-id=\"ef7d7f6\" data-element_type=\"widget\" data-widget_type=\"heading.default\">\n\t\t\t\t<div class=\"elementor-widget-container\">\n\t\t\t<h2 class=\"elementor-heading-title elementor-size-default\">Le manga en quelques mots<\/h2>\t\t<\/div>\n\t\t\t\t<\/div>\n\t\t\t\t<div class=\"elementor-element elementor-element-494f5ec elementor-widget elementor-widget-text-editor\" data-id=\"494f5ec\" data-element_type=\"widget\" data-widget_type=\"text-editor.default\">\n\t\t\t\t<div class=\"elementor-widget-container\">\n\t\t\t\t\t\t\t<div>\n<p>Impossible d&#8217;ignorer la popularit\u00e9 croissante du manga. Ces bandes dessin\u00e9es japonaises, g\u00e9n\u00e9ralement en noir et blanc, sont d\u00e9sormais reconnues et appr\u00e9ci\u00e9es dans le monde entier. Caract\u00e9ris\u00e9s par des dessins dynamiques et un d\u00e9coupage de planches innovant, les mangas proposent des intrigues captivantes avec des h\u00e9ros hors du commun.<\/p>\n<\/div>\n<div>\n<p>Au-del\u00e0 de l&#8217;apparente simplicit\u00e9 des sc\u00e9narios, une lecture plus approfondie r\u00e9v\u00e8le des messages cach\u00e9s et des valeurs importantes, ce qui explique pourquoi le manga s\u00e9duit tant de monde. Les lecteurs y trouvent des histoires qui les touchent et qui leurs enseignent des valeurs significatives.<\/p>\n<\/div>\t\t\t\t\t\t<\/div>\n\t\t\t\t<\/div>\n\t\t\t\t<\/div>\n\t\t<div class=\"elementor-element elementor-element-92300fe e-con-full e-flex e-con e-child\" data-id=\"92300fe\" data-element_type=\"container\">\n\t\t\t\t<div class=\"elementor-element elementor-element-63c1aac elementor-widget elementor-widget-image\" data-id=\"63c1aac\" data-element_type=\"widget\" data-widget_type=\"image.default\">\n\t\t\t\t<div class=\"elementor-widget-container\">\n\t\t\t\t\t\t\t\t\t\t\t\t\t<img fetchpriority=\"high\" decoding=\"async\" width=\"300\" height=\"290\" src=\"https:\/\/www.inkpulse-studio.com\/wp-content\/uploads\/2024\/06\/shop-300x290.png\" class=\"attachment-medium size-medium wp-image-271\" alt=\"\" srcset=\"https:\/\/www.inkpulse-studio.com\/wp-content\/uploads\/2024\/06\/shop-300x290.png 300w, https:\/\/www.inkpulse-studio.com\/wp-content\/uploads\/2024\/06\/shop.png 609w\" sizes=\"(max-width: 300px) 100vw, 300px\" \/>\t\t\t\t\t\t\t\t\t\t\t\t\t<\/div>\n\t\t\t\t<\/div>\n\t\t\t\t<\/div>\n\t\t\t\t\t<\/div>\n\t\t\t\t<\/div>\n\t\t<div class=\"elementor-element elementor-element-5f743c6 e-flex e-con-boxed e-con e-parent\" data-id=\"5f743c6\" data-element_type=\"container\">\n\t\t\t\t\t<div class=\"e-con-inner\">\n\t\t\t\t<div class=\"elementor-element elementor-element-7e584d5 elementor-widget elementor-widget-image\" data-id=\"7e584d5\" data-element_type=\"widget\" data-widget_type=\"image.default\">\n\t\t\t\t<div class=\"elementor-widget-container\">\n\t\t\t\t\t\t\t\t\t\t\t\t\t<img decoding=\"async\" width=\"300\" height=\"287\" src=\"https:\/\/www.inkpulse-studio.com\/wp-content\/uploads\/2024\/06\/deuxieme-enfant-300x287.png\" class=\"attachment-medium size-medium wp-image-270\" alt=\"\" srcset=\"https:\/\/www.inkpulse-studio.com\/wp-content\/uploads\/2024\/06\/deuxieme-enfant-300x287.png 300w, https:\/\/www.inkpulse-studio.com\/wp-content\/uploads\/2024\/06\/deuxieme-enfant-768x734.png 768w, https:\/\/www.inkpulse-studio.com\/wp-content\/uploads\/2024\/06\/deuxieme-enfant.png 871w\" sizes=\"(max-width: 300px) 100vw, 300px\" \/>\t\t\t\t\t\t\t\t\t\t\t\t\t<\/div>\n\t\t\t\t<\/div>\n\t\t<div class=\"elementor-element elementor-element-6de95de e-con-full e-flex e-con e-child\" data-id=\"6de95de\" data-element_type=\"container\">\n\t\t\t\t<div class=\"elementor-element elementor-element-dc7b9bd elementor-widget elementor-widget-heading\" data-id=\"dc7b9bd\" data-element_type=\"widget\" data-widget_type=\"heading.default\">\n\t\t\t\t<div class=\"elementor-widget-container\">\n\t\t\t<h2 class=\"elementor-heading-title elementor-size-default\">Force d'attraction<\/h2>\t\t<\/div>\n\t\t\t\t<\/div>\n\t\t\t\t<div class=\"elementor-element elementor-element-f23004a elementor-widget elementor-widget-text-editor\" data-id=\"f23004a\" data-element_type=\"widget\" data-widget_type=\"text-editor.default\">\n\t\t\t\t<div class=\"elementor-widget-container\">\n\t\t\t\t\t\t\t<p>Le manga attire et passionne les foules bien au-del\u00e0 des jeunes. Aujourd&#8217;hui, ce m\u00e9dia s\u00e9duit \u00e9galement les adultes de 20, 30, 40 et m\u00eame 50 ans. <br \/>La lecture en France a \u00e9volu\u00e9, et le manga est devenu un pilier incontournable des ventes de livres. <br \/>Les chiffres en t\u00e9moignent : en 2022, le manga a g\u00e9n\u00e9r\u00e9 plus de 300 millions d\u2019euros de ventes.<\/p>\t\t\t\t\t\t<\/div>\n\t\t\t\t<\/div>\n\t\t\t\t<\/div>\n\t\t\t\t\t<\/div>\n\t\t\t\t<\/div>\n\t\t<div class=\"elementor-element elementor-element-c9f16dd e-flex e-con-boxed e-con e-parent\" data-id=\"c9f16dd\" data-element_type=\"container\">\n\t\t\t\t\t<div class=\"e-con-inner\">\n\t\t<div class=\"elementor-element elementor-element-c6f20e8 e-con-full e-flex e-con e-child\" data-id=\"c6f20e8\" data-element_type=\"container\">\n\t\t\t\t<div class=\"elementor-element elementor-element-7be4ac3 elementor-widget elementor-widget-heading\" data-id=\"7be4ac3\" data-element_type=\"widget\" data-widget_type=\"heading.default\">\n\t\t\t\t<div class=\"elementor-widget-container\">\n\t\t\t<h2 class=\"elementor-heading-title elementor-size-default\">Une Communication unique<\/h2>\t\t<\/div>\n\t\t\t\t<\/div>\n\t\t\t\t<div class=\"elementor-element elementor-element-bee3d5b elementor-widget elementor-widget-text-editor\" data-id=\"bee3d5b\" data-element_type=\"widget\" data-widget_type=\"text-editor.default\">\n\t\t\t\t<div class=\"elementor-widget-container\">\n\t\t\t\t\t\t\t<p>Inkpulse Studio vous offre l&#8217;opportunit\u00e9 de d\u00e9velopper votre histoire sous forme d&#8217;un manga de 20 \u00e0 30 pages, r\u00e9pondant ainsi \u00e0 tous vos besoins de communication. Que vous souhaitiez expliquer l&#8217;histoire de votre soci\u00e9t\u00e9 \u00e0 de futurs investisseurs, int\u00e9grer vos produits dans des r\u00e9cits \u00e9piques o\u00f9 les h\u00e9ros bravent tous les dangers, ou encore transmettre des messages de mani\u00e8re plus engageante en communication interne pour vos collaborateurs, le manga est la solution id\u00e9ale. Le manga ouvre une infinit\u00e9 de possibilit\u00e9s narratives pour votre communication, capturant l&#8217;attention de votre audience avec des histoires captivantes et visuellement dynamiques. Gr\u00e2ce \u00e0 Inkpulse Studio, votre message sera non seulement transmis de mani\u00e8re efficace, mais il laissera \u00e9galement une impression durable sur ceux qui le re\u00e7oivent.<\/p>\t\t\t\t\t\t<\/div>\n\t\t\t\t<\/div>\n\t\t\t\t<\/div>\n\t\t<div class=\"elementor-element elementor-element-e2d57ff e-con-full e-flex e-con e-child\" data-id=\"e2d57ff\" data-element_type=\"container\">\n\t\t\t\t<div class=\"elementor-element elementor-element-811f228 elementor-widget elementor-widget-image\" data-id=\"811f228\" data-element_type=\"widget\" data-widget_type=\"image.default\">\n\t\t\t\t<div class=\"elementor-widget-container\">\n\t\t\t\t\t\t\t\t\t\t\t\t\t<img decoding=\"async\" width=\"231\" height=\"300\" src=\"https:\/\/www.inkpulse-studio.com\/wp-content\/uploads\/2024\/06\/IP_LOGO-1-1-231x300.png\" class=\"attachment-medium size-medium wp-image-23\" alt=\"\" srcset=\"https:\/\/www.inkpulse-studio.com\/wp-content\/uploads\/2024\/06\/IP_LOGO-1-1-231x300.png 231w, https:\/\/www.inkpulse-studio.com\/wp-content\/uploads\/2024\/06\/IP_LOGO-1-1-787x1024.png 787w, https:\/\/www.inkpulse-studio.com\/wp-content\/uploads\/2024\/06\/IP_LOGO-1-1-768x999.png 768w, https:\/\/www.inkpulse-studio.com\/wp-content\/uploads\/2024\/06\/IP_LOGO-1-1-1181x1536.png 1181w, https:\/\/www.inkpulse-studio.com\/wp-content\/uploads\/2024\/06\/IP_LOGO-1-1-1574x2048.png 1574w\" sizes=\"(max-width: 231px) 100vw, 231px\" \/>\t\t\t\t\t\t\t\t\t\t\t\t\t<\/div>\n\t\t\t\t<\/div>\n\t\t\t\t<\/div>\n\t\t\t\t\t<\/div>\n\t\t\t\t<\/div>\n\t\t<div class=\"elementor-element elementor-element-355d2a1 e-flex e-con-boxed e-con e-parent\" data-id=\"355d2a1\" data-element_type=\"container\">\n\t\t\t\t\t<div class=\"e-con-inner\">\n\t\t<div class=\"elementor-element elementor-element-c149bc3 e-con-full e-flex e-con e-child\" data-id=\"c149bc3\" data-element_type=\"container\">\n\t\t\t\t<div class=\"elementor-element elementor-element-39be924 elementor-widget elementor-widget-image\" data-id=\"39be924\" data-element_type=\"widget\" data-settings=\"{&quot;_animation&quot;:&quot;none&quot;}\" data-widget_type=\"image.default\">\n\t\t\t\t<div class=\"elementor-widget-container\">\n\t\t\t\t\t\t\t\t\t\t\t\t\t<img loading=\"lazy\" decoding=\"async\" width=\"1024\" height=\"1024\" src=\"https:\/\/www.inkpulse-studio.com\/wp-content\/uploads\/2024\/06\/tel.jpg\" class=\"attachment-large size-large wp-image-326\" alt=\"\" srcset=\"https:\/\/www.inkpulse-studio.com\/wp-content\/uploads\/2024\/06\/tel.jpg 1024w, https:\/\/www.inkpulse-studio.com\/wp-content\/uploads\/2024\/06\/tel-300x300.jpg 300w, https:\/\/www.inkpulse-studio.com\/wp-content\/uploads\/2024\/06\/tel-150x150.jpg 150w, https:\/\/www.inkpulse-studio.com\/wp-content\/uploads\/2024\/06\/tel-768x768.jpg 768w, https:\/\/www.inkpulse-studio.com\/wp-content\/uploads\/2024\/06\/tel-600x600.jpg 600w\" sizes=\"(max-width: 1024px) 100vw, 1024px\" \/>\t\t\t\t\t\t\t\t\t\t\t\t\t<\/div>\n\t\t\t\t<\/div>\n\t\t\t\t<\/div>\n\t\t<div class=\"elementor-element elementor-element-900481d e-con-full e-flex e-con e-child\" data-id=\"900481d\" data-element_type=\"container\">\n\t\t\t\t<div class=\"elementor-element elementor-element-19632bd elementor-widget elementor-widget-heading\" data-id=\"19632bd\" data-element_type=\"widget\" data-widget_type=\"heading.default\">\n\t\t\t\t<div class=\"elementor-widget-container\">\n\t\t\t<h2 class=\"elementor-heading-title elementor-size-default\">Un Format pour vous<\/h2>\t\t<\/div>\n\t\t\t\t<\/div>\n\t\t\t\t<div class=\"elementor-element elementor-element-229b281 elementor-widget__width-initial elementor-widget elementor-widget-text-editor\" data-id=\"229b281\" data-element_type=\"widget\" data-settings=\"{&quot;_animation&quot;:&quot;none&quot;}\" data-widget_type=\"text-editor.default\">\n\t\t\t\t<div class=\"elementor-widget-container\">\n\t\t\t\t\t\t\t<p>Chez Inkpulse Studio, nous vous proposons plusieurs formats adapt\u00e9s \u00e0 vos besoins. Si vous pr\u00e9f\u00e9rez une version imprim\u00e9e, nous pouvons vous fournir des fichiers pr\u00eats \u00e0 l&#8217;impression ou collaborer directement avec des imprimeurs pour livrer vos histoires sur papier.<\/p><p>Si vous privil\u00e9giez le digital, nous pouvons vous fournir votre histoire en format webtoon. Ce format, parfait pour la lecture sur t\u00e9l\u00e9phone, est id\u00e9al pour les jeunes et pour une diffusion dans les lieux publics. Avec le webtoon, votre histoire est accessible sur n&#8217;importe quel support et peut \u00eatre lue de n&#8217;importe o\u00f9, offrant une flexibilit\u00e9 maximale et une port\u00e9e \u00e9tendue.<\/p><p>Quelle que soit votre pr\u00e9f\u00e9rence, Inkpulse Studio est l\u00e0 pour s&#8217;assurer que votre r\u00e9cit soit pr\u00e9sent\u00e9 de la mani\u00e8re la plus efficace et attrayante possible.<\/p>\t\t\t\t\t\t<\/div>\n\t\t\t\t<\/div>\n\t\t\t\t<\/div>\n\t\t\t\t\t<\/div>\n\t\t\t\t<\/div>\n\t\t<div class=\"elementor-element elementor-element-decb040 e-flex e-con-boxed e-con e-parent\" data-id=\"decb040\" data-element_type=\"container\">\n\t\t\t\t\t<div class=\"e-con-inner\">\n\t\t\t\t<div class=\"elementor-element elementor-element-55f84c1 elementor-widget elementor-widget-heading\" data-id=\"55f84c1\" data-element_type=\"widget\" data-widget_type=\"heading.default\">\n\t\t\t\t<div class=\"elementor-widget-container\">\n\t\t\t<h2 class=\"elementor-heading-title elementor-size-default\">Mais plut\u00f4t que des mots, cliquez ici pour voir notre savoir-faire<\/h2>\t\t<\/div>\n\t\t\t\t<\/div>\n\t\t\t\t<div class=\"elementor-element elementor-element-655a523 elementor-align-center elementor-widget elementor-widget-button\" data-id=\"655a523\" data-element_type=\"widget\" data-widget_type=\"button.default\">\n\t\t\t\t<div class=\"elementor-widget-container\">\n\t\t\t\t\t\t\t<div class=\"elementor-button-wrapper\">\n\t\t\t\t\t<a class=\"elementor-button elementor-button-link elementor-size-sm\" href=\"http:\/\/www.inkpulse-studio.com\/index.php\/presentation\/\">\n\t\t\t\t\t\t<span class=\"elementor-button-content-wrapper\">\n\t\t\t\t\t\t\t\t\t<span class=\"elementor-button-text\">Place aux images<\/span>\n\t\t\t\t\t<\/span>\n\t\t\t\t\t<\/a>\n\t\t\t\t<\/div>\n\t\t\t\t\t\t<\/div>\n\t\t\t\t<\/div>\n\t\t\t\t\t<\/div>\n\t\t\t\t<\/div>\n\t\t\t\t<\/div>\n\t\t","protected":false},"excerpt":{"rendered":"<p>Le manga en quelques mots Impossible d&#8217;ignorer la popularit\u00e9 croissante du manga. Ces bandes dessin\u00e9es japonaises, g\u00e9n\u00e9ralement en noir et blanc, sont d\u00e9sormais reconnues et appr\u00e9ci\u00e9es dans le monde entier. Caract\u00e9ris\u00e9s par des dessins dynamiques et un d\u00e9coupage de planches innovant, les mangas proposent des intrigues captivantes avec des h\u00e9ros hors du commun. Au-del\u00e0 de [&hellip;]<\/p>\n","protected":false},"author":1,"featured_media":0,"parent":0,"menu_order":0,"comment_status":"closed","ping_status":"closed","template":"","meta":{"ocean_post_layout":"","ocean_both_sidebars_style":"","ocean_both_sidebars_content_width":0,"ocean_both_sidebars_sidebars_width":0,"ocean_sidebar":"","ocean_second_sidebar":"","ocean_disable_margins":"enable","ocean_add_body_class":"","ocean_shortcode_before_top_bar":"","ocean_shortcode_after_top_bar":"","ocean_shortcode_before_header":"","ocean_shortcode_after_header":"","ocean_has_shortcode":"","ocean_shortcode_after_title":"","ocean_shortcode_before_footer_widgets":"","ocean_shortcode_after_footer_widgets":"","ocean_shortcode_before_footer_bottom":"","ocean_shortcode_after_footer_bottom":"","ocean_display_top_bar":"default","ocean_display_header":"default","ocean_header_style":"","ocean_center_header_left_menu":"","ocean_custom_header_template":"","ocean_custom_logo":0,"ocean_custom_retina_logo":0,"ocean_custom_logo_max_width":0,"ocean_custom_logo_tablet_max_width":0,"ocean_custom_logo_mobile_max_width":0,"ocean_custom_logo_max_height":0,"ocean_custom_logo_tablet_max_height":0,"ocean_custom_logo_mobile_max_height":0,"ocean_header_custom_menu":"","ocean_menu_typo_font_family":"","ocean_menu_typo_font_subset":"","ocean_menu_typo_font_size":0,"ocean_menu_typo_font_size_tablet":0,"ocean_menu_typo_font_size_mobile":0,"ocean_menu_typo_font_size_unit":"px","ocean_menu_typo_font_weight":"","ocean_menu_typo_font_weight_tablet":"","ocean_menu_typo_font_weight_mobile":"","ocean_menu_typo_transform":"","ocean_menu_typo_transform_tablet":"","ocean_menu_typo_transform_mobile":"","ocean_menu_typo_line_height":0,"ocean_menu_typo_line_height_tablet":0,"ocean_menu_typo_line_height_mobile":0,"ocean_menu_typo_line_height_unit":"","ocean_menu_typo_spacing":0,"ocean_menu_typo_spacing_tablet":0,"ocean_menu_typo_spacing_mobile":0,"ocean_menu_typo_spacing_unit":"","ocean_menu_link_color":"","ocean_menu_link_color_hover":"","ocean_menu_link_color_active":"","ocean_menu_link_background":"","ocean_menu_link_hover_background":"","ocean_menu_link_active_background":"","ocean_menu_social_links_bg":"","ocean_menu_social_hover_links_bg":"","ocean_menu_social_links_color":"","ocean_menu_social_hover_links_color":"","ocean_disable_title":"default","ocean_disable_heading":"default","ocean_post_title":"","ocean_post_subheading":"","ocean_post_title_style":"","ocean_post_title_background_color":"","ocean_post_title_background":0,"ocean_post_title_bg_image_position":"","ocean_post_title_bg_image_attachment":"","ocean_post_title_bg_image_repeat":"","ocean_post_title_bg_image_size":"","ocean_post_title_height":0,"ocean_post_title_bg_overlay":0.5,"ocean_post_title_bg_overlay_color":"","ocean_disable_breadcrumbs":"default","ocean_breadcrumbs_color":"","ocean_breadcrumbs_separator_color":"","ocean_breadcrumbs_links_color":"","ocean_breadcrumbs_links_hover_color":"","ocean_display_footer_widgets":"default","ocean_display_footer_bottom":"default","ocean_custom_footer_template":"","footnotes":""},"class_list":["post-37","page","type-page","status-publish","hentry","entry"],"yoast_head":"<!-- This site is optimized with the Yoast SEO plugin v22.9 - https:\/\/yoast.com\/wordpress\/plugins\/seo\/ -->\n<title>Accueil<\/title>\n<meta name=\"description\" content=\"Inkpulse Studio d\u00e9veloppe une communication unique en manga pour promouvoir vos produits, vos services ou booster vos recrutements.\" \/>\n<meta name=\"robots\" content=\"index, follow, max-snippet:-1, max-image-preview:large, max-video-preview:-1\" \/>\n<link rel=\"canonical\" href=\"http:\/\/www.inkpulse-studio.com\/\" \/>\n<meta property=\"og:locale\" content=\"en_US\" \/>\n<meta property=\"og:type\" content=\"article\" \/>\n<meta property=\"og:title\" content=\"Accueil\" \/>\n<meta property=\"og:description\" content=\"Inkpulse Studio d\u00e9veloppe une communication unique en manga pour promouvoir vos produits, vos services ou booster vos recrutements.\" \/>\n<meta property=\"og:url\" content=\"http:\/\/www.inkpulse-studio.com\/\" \/>\n<meta property=\"og:site_name\" content=\"Inkpulse Studio\" \/>\n<meta property=\"article:modified_time\" content=\"2024-08-16T15:42:05+00:00\" \/>\n<meta property=\"og:image\" content=\"http:\/\/www.inkpulse-studio.com\/wp-content\/uploads\/2024\/06\/shop-300x290.png\" \/>\n<meta name=\"twitter:card\" content=\"summary_large_image\" \/>\n<meta name=\"twitter:label1\" content=\"Est. reading time\" \/>\n\t<meta name=\"twitter:data1\" content=\"3 minutes\" \/>\n<script type=\"application\/ld+json\" class=\"yoast-schema-graph\">{\"@context\":\"https:\/\/schema.org\",\"@graph\":[{\"@type\":\"WebPage\",\"@id\":\"http:\/\/www.inkpulse-studio.com\/\",\"url\":\"http:\/\/www.inkpulse-studio.com\/\",\"name\":\"Accueil\",\"isPartOf\":{\"@id\":\"http:\/\/www.inkpulse-studio.com\/#website\"},\"primaryImageOfPage\":{\"@id\":\"http:\/\/www.inkpulse-studio.com\/#primaryimage\"},\"image\":{\"@id\":\"http:\/\/www.inkpulse-studio.com\/#primaryimage\"},\"thumbnailUrl\":\"http:\/\/www.inkpulse-studio.com\/wp-content\/uploads\/2024\/06\/shop-300x290.png\",\"datePublished\":\"2024-06-13T10:54:27+00:00\",\"dateModified\":\"2024-08-16T15:42:05+00:00\",\"description\":\"Inkpulse Studio d\u00e9veloppe une communication unique en manga pour promouvoir vos produits, vos services ou booster vos recrutements.\",\"breadcrumb\":{\"@id\":\"http:\/\/www.inkpulse-studio.com\/#breadcrumb\"},\"inLanguage\":\"en-US\",\"potentialAction\":[{\"@type\":\"ReadAction\",\"target\":[\"http:\/\/www.inkpulse-studio.com\/\"]}]},{\"@type\":\"ImageObject\",\"inLanguage\":\"en-US\",\"@id\":\"http:\/\/www.inkpulse-studio.com\/#primaryimage\",\"url\":\"https:\/\/www.inkpulse-studio.com\/wp-content\/uploads\/2024\/06\/shop.png\",\"contentUrl\":\"https:\/\/www.inkpulse-studio.com\/wp-content\/uploads\/2024\/06\/shop.png\",\"width\":609,\"height\":589},{\"@type\":\"BreadcrumbList\",\"@id\":\"http:\/\/www.inkpulse-studio.com\/#breadcrumb\",\"itemListElement\":[{\"@type\":\"ListItem\",\"position\":1,\"name\":\"Accueil\",\"item\":\"http:\/\/www.inkpulse-studio.com\/\"},{\"@type\":\"ListItem\",\"position\":2,\"name\":\"Quelle histoire voulez vous raconter ?\"}]},{\"@type\":\"WebSite\",\"@id\":\"http:\/\/www.inkpulse-studio.com\/#website\",\"url\":\"http:\/\/www.inkpulse-studio.com\/\",\"name\":\"Inkpulse Studio\",\"description\":\"Quelle histoire voulez-vous raconter ?\",\"publisher\":{\"@id\":\"http:\/\/www.inkpulse-studio.com\/#organization\"},\"potentialAction\":[{\"@type\":\"SearchAction\",\"target\":{\"@type\":\"EntryPoint\",\"urlTemplate\":\"http:\/\/www.inkpulse-studio.com\/?s={search_term_string}\"},\"query-input\":\"required name=search_term_string\"}],\"inLanguage\":\"en-US\"},{\"@type\":\"Organization\",\"@id\":\"http:\/\/www.inkpulse-studio.com\/#organization\",\"name\":\"Inkpulse Studio\",\"url\":\"http:\/\/www.inkpulse-studio.com\/\",\"logo\":{\"@type\":\"ImageObject\",\"inLanguage\":\"en-US\",\"@id\":\"http:\/\/www.inkpulse-studio.com\/#\/schema\/logo\/image\/\",\"url\":\"https:\/\/www.inkpulse-studio.com\/wp-content\/uploads\/2024\/06\/cropped-cropped-IP_LOGO-3.png\",\"contentUrl\":\"https:\/\/www.inkpulse-studio.com\/wp-content\/uploads\/2024\/06\/cropped-cropped-IP_LOGO-3.png\",\"width\":6028,\"height\":5832,\"caption\":\"Inkpulse Studio\"},\"image\":{\"@id\":\"http:\/\/www.inkpulse-studio.com\/#\/schema\/logo\/image\/\"}}]}<\/script>\n<!-- \/ Yoast SEO plugin. -->","yoast_head_json":{"title":"Accueil","description":"Inkpulse Studio d\u00e9veloppe une communication unique en manga pour promouvoir vos produits, vos services ou booster vos recrutements.","robots":{"index":"index","follow":"follow","max-snippet":"max-snippet:-1","max-image-preview":"max-image-preview:large","max-video-preview":"max-video-preview:-1"},"canonical":"http:\/\/www.inkpulse-studio.com\/","og_locale":"en_US","og_type":"article","og_title":"Accueil","og_description":"Inkpulse Studio d\u00e9veloppe une communication unique en manga pour promouvoir vos produits, vos services ou booster vos recrutements.","og_url":"http:\/\/www.inkpulse-studio.com\/","og_site_name":"Inkpulse Studio","article_modified_time":"2024-08-16T15:42:05+00:00","og_image":[{"url":"http:\/\/www.inkpulse-studio.com\/wp-content\/uploads\/2024\/06\/shop-300x290.png"}],"twitter_card":"summary_large_image","twitter_misc":{"Est. reading time":"3 minutes"},"schema":{"@context":"https:\/\/schema.org","@graph":[{"@type":"WebPage","@id":"http:\/\/www.inkpulse-studio.com\/","url":"http:\/\/www.inkpulse-studio.com\/","name":"Accueil","isPartOf":{"@id":"http:\/\/www.inkpulse-studio.com\/#website"},"primaryImageOfPage":{"@id":"http:\/\/www.inkpulse-studio.com\/#primaryimage"},"image":{"@id":"http:\/\/www.inkpulse-studio.com\/#primaryimage"},"thumbnailUrl":"http:\/\/www.inkpulse-studio.com\/wp-content\/uploads\/2024\/06\/shop-300x290.png","datePublished":"2024-06-13T10:54:27+00:00","dateModified":"2024-08-16T15:42:05+00:00","description":"Inkpulse Studio d\u00e9veloppe une communication unique en manga pour promouvoir vos produits, vos services ou booster vos recrutements.","breadcrumb":{"@id":"http:\/\/www.inkpulse-studio.com\/#breadcrumb"},"inLanguage":"en-US","potentialAction":[{"@type":"ReadAction","target":["http:\/\/www.inkpulse-studio.com\/"]}]},{"@type":"ImageObject","inLanguage":"en-US","@id":"http:\/\/www.inkpulse-studio.com\/#primaryimage","url":"https:\/\/www.inkpulse-studio.com\/wp-content\/uploads\/2024\/06\/shop.png","contentUrl":"https:\/\/www.inkpulse-studio.com\/wp-content\/uploads\/2024\/06\/shop.png","width":609,"height":589},{"@type":"BreadcrumbList","@id":"http:\/\/www.inkpulse-studio.com\/#breadcrumb","itemListElement":[{"@type":"ListItem","position":1,"name":"Accueil","item":"http:\/\/www.inkpulse-studio.com\/"},{"@type":"ListItem","position":2,"name":"Quelle histoire voulez vous raconter ?"}]},{"@type":"WebSite","@id":"http:\/\/www.inkpulse-studio.com\/#website","url":"http:\/\/www.inkpulse-studio.com\/","name":"Inkpulse Studio","description":"Quelle histoire voulez-vous raconter ?","publisher":{"@id":"http:\/\/www.inkpulse-studio.com\/#organization"},"potentialAction":[{"@type":"SearchAction","target":{"@type":"EntryPoint","urlTemplate":"http:\/\/www.inkpulse-studio.com\/?s={search_term_string}"},"query-input":"required name=search_term_string"}],"inLanguage":"en-US"},{"@type":"Organization","@id":"http:\/\/www.inkpulse-studio.com\/#organization","name":"Inkpulse Studio","url":"http:\/\/www.inkpulse-studio.com\/","logo":{"@type":"ImageObject","inLanguage":"en-US","@id":"http:\/\/www.inkpulse-studio.com\/#\/schema\/logo\/image\/","url":"https:\/\/www.inkpulse-studio.com\/wp-content\/uploads\/2024\/06\/cropped-cropped-IP_LOGO-3.png","contentUrl":"https:\/\/www.inkpulse-studio.com\/wp-content\/uploads\/2024\/06\/cropped-cropped-IP_LOGO-3.png","width":6028,"height":5832,"caption":"Inkpulse Studio"},"image":{"@id":"http:\/\/www.inkpulse-studio.com\/#\/schema\/logo\/image\/"}}]}},"_links":{"self":[{"href":"https:\/\/www.inkpulse-studio.com\/index.php\/wp-json\/wp\/v2\/pages\/37","targetHints":{"allow":["GET"]}}],"collection":[{"href":"https:\/\/www.inkpulse-studio.com\/index.php\/wp-json\/wp\/v2\/pages"}],"about":[{"href":"https:\/\/www.inkpulse-studio.com\/index.php\/wp-json\/wp\/v2\/types\/page"}],"author":[{"embeddable":true,"href":"https:\/\/www.inkpulse-studio.com\/index.php\/wp-json\/wp\/v2\/users\/1"}],"replies":[{"embeddable":true,"href":"https:\/\/www.inkpulse-studio.com\/index.php\/wp-json\/wp\/v2\/comments?post=37"}],"version-history":[{"count":47,"href":"https:\/\/www.inkpulse-studio.com\/index.php\/wp-json\/wp\/v2\/pages\/37\/revisions"}],"predecessor-version":[{"id":412,"href":"https:\/\/www.inkpulse-studio.com\/index.php\/wp-json\/wp\/v2\/pages\/37\/revisions\/412"}],"wp:attachment":[{"href":"https:\/\/www.inkpulse-studio.com\/index.php\/wp-json\/wp\/v2\/media?parent=37"}],"curies":[{"name":"wp","href":"https:\/\/api.w.org\/{rel}","templated":true}]}}